{"id":100,"date":"2018-11-06T08:57:41","date_gmt":"2018-11-06T08:57:41","guid":{"rendered":"http:\/\/localhost\/dentmedi-theme\/?page_id=86"},"modified":"2019-08-05T21:13:05","modified_gmt":"2019-08-05T21:13:05","slug":"contato","status":"publish","type":"page","link":"https:\/\/iclolhos.com.br\/olhos\/contato\/","title":{"rendered":"Contato"},"content":{"rendered":"<div data-vc-full-width=\"true\" data-vc-full-width-init=\"false\" class=\"tm-row wpb_row vc_row-fluid tm-responsive-custom-10883513 tm-zindex-0 tm-bgimage-position-center_center\">\n\n\t\t\n\t <div class=\"vc_row container vc_row-o-equal-height vc_row-flex\"> \t\n\t\t\n\n<div class=\"wpb_column tm-column vc_column_container vc_col-sm-8 tm-zindex-0\">\n\t<div class=\"vc_column-inner vc_custom_1565039079058 tm-responsive-custom-92489321\">\n\t\t\t\t<div class=\"wpb_wrapper\">\n\t\t\t<h1 style=\"text-align:left;color:#f58634;font-family:'Open Sans',Arial,Helvetica;font-weight:800;\" class=\"tm-custom-heading titulo-principal-2 vc_custom_1565039221220\" >No que podemos ajudar voc\u00ea?<\/h1>\n\n<div class=\"tm-row-inner vc_row wpb_row vc_inner vc_row-fluid vc_row-o-content-middle vc_row-flex tm-zindex-0\">\n\t\n<div class=\"wpb_column tm-column-inner vc_column_container vc_col-sm-12 tm-zindex-0\">\n\t<div class=\"vc_column-inner  tm-col-bgcolor-white tm-col-bgcolor-yes tm-responsive-custom-55178778\">\n\t\t<div class=\"tm-col-wrapper-bg-layer tm-bg-layer\"><div class=\"tm-bg-layer-inner\"><\/div><\/div> \n\t\t<div class=\"wpb_wrapper\">\n\t\t\t\n<div class=\"wpcf7 no-js\" id=\"wpcf7-f1937-o1\" lang=\"en-US\" dir=\"ltr\">\n<div class=\"screen-reader-response\"><p role=\"status\" aria-live=\"polite\" aria-atomic=\"true\"><\/p> <ul><\/ul><\/div>\n<form action=\"\/olhos\/wp-json\/wp\/v2\/pages\/100#wpcf7-f1937-o1\" method=\"post\" class=\"wpcf7-form init\" aria-label=\"Contact form\" novalidate=\"novalidate\" data-status=\"init\">\n<div style=\"display: none;\">\n<input type=\"hidden\" name=\"_wpcf7\" value=\"1937\" \/>\n<input type=\"hidden\" name=\"_wpcf7_version\" value=\"5.7.4\" \/>\n<input type=\"hidden\" name=\"_wpcf7_locale\" value=\"en_US\" \/>\n<input type=\"hidden\" name=\"_wpcf7_unit_tag\" value=\"wpcf7-f1937-o1\" \/>\n<input type=\"hidden\" name=\"_wpcf7_container_post\" value=\"0\" \/>\n<input type=\"hidden\" name=\"_wpcf7_posted_data_hash\" value=\"\" \/>\n<\/div>\n<div class=\"tm-contactform tm-commonform\">\n\t<div class=\"row\">\n\t\t<div class=\"col-xs-12\">\n\t\t\t<div class=\"field-group\">\n\t\t\t\t<p><i class=\"ti-user\"><\/i><span class=\"wpcf7-form-control-wrap\" data-name=\"your-name\"><input size=\"40\" class=\"wpcf7-form-control wpcf7-text wpcf7-validates-as-required\" aria-required=\"true\" aria-invalid=\"false\" placeholder=\"Nome\" value=\"\" type=\"text\" name=\"your-name\" \/><\/span>\n\t\t\t\t<\/p>\n\t\t\t<\/div>\n\t\t<\/div>\n\t\t<div class=\"col-xs-12\">\n\t\t\t<div class=\"field-group\">\n\t\t\t\t<p><i class=\"ti-mobile\"><\/i><span class=\"wpcf7-form-control-wrap\" data-name=\"your-phone\"><input size=\"40\" class=\"wpcf7-form-control wpcf7-text wpcf7-validates-as-required\" aria-required=\"true\" aria-invalid=\"false\" placeholder=\"Telefone\" value=\"\" type=\"text\" name=\"your-phone\" \/><\/span>\n\t\t\t\t<\/p>\n\t\t\t<\/div>\n\t\t<\/div>\n\t\t<div class=\"col-xs-12\">\n\t\t\t<div class=\"field-group\">\n\t\t\t\t<p><i class=\"ti-pencil\"><\/i><span class=\"wpcf7-form-control-wrap\" data-name=\"your-email\"><input size=\"40\" class=\"wpcf7-form-control wpcf7-text wpcf7-validates-as-required\" aria-required=\"true\" aria-invalid=\"false\" placeholder=\"Assunto\" value=\"\" type=\"text\" name=\"your-email\" \/><\/span>\n\t\t\t\t<\/p>\n\t\t\t<\/div>\n\t\t<\/div>\n\t<\/div>\n\t<div class=\"row\">\n\t\t<div class=\"col-xs-12 col-sm-12\">\n\t\t\t<div class=\"field-group\">\n\t\t\t\t<p><i class=\"ti-comment\"><\/i><span class=\"wpcf7-form-control-wrap\" data-name=\"message\"><textarea cols=\"40\" rows=\"10\" class=\"wpcf7-form-control wpcf7-textarea wpcf7-validates-as-required\" aria-required=\"true\" aria-invalid=\"false\" placeholder=\"Mensagem\" name=\"message\"><\/textarea><\/span>\n\t\t\t\t<\/p>\n\t\t\t<\/div>\n\t\t<\/div>\n\t<\/div>\n\t<div class=\"row\">\n\t\t<div class=\"col-xs-12 col-sm-12 tm-book-submitbt\">\n\t\t\t<p><input class=\"wpcf7-form-control has-spinner wpcf7-submit tm-vc_general tm-vc_btn3 tm-vc_btn3-style-flat tm-vc_btn3-size-md tm-vc_btn3-color-skincolor\" type=\"submit\" value=\"ENVIAR MENSAGEM\" \/>\n\t\t\t<\/p>\n\t\t<\/div>\n\t<\/div>\n<\/div><div class=\"wpcf7-response-output\" aria-hidden=\"true\"><\/div>\n<\/form>\n<\/div>\n\t\t<\/div>\n\t<\/div>\n<\/div>\n\n<\/div>\n\n\t\t<\/div>\n\t<\/div>\n<\/div>\n\n\n\n\n\n<div class=\"wpb_column tm-column vc_column_container vc_col-sm-4 tm-zindex-0\">\n\t<div class=\"vc_column-inner vc_custom_1564531244897 tm-responsive-custom-10776816\">\n\t\t\t\t<div class=\"wpb_wrapper\">\n\t\t\t\n\t<div  class=\"wpb_single_image wpb_content_element vc_align_center\">\n\t\t\n\t\t<figure class=\"wpb_wrapper vc_figure\">\n\t\t\t<div class=\"vc_single_image-wrapper   vc_box_border_grey\"><img width=\"460\" height=\"589\" src=\"https:\/\/iclolhos.com.br\/olhos\/wp-content\/uploads\/2019\/07\/m-contato.png\" class=\"vc_single_image-img attachment-full\" alt=\"\" decoding=\"async\" loading=\"lazy\" srcset=\"https:\/\/iclolhos.com.br\/olhos\/wp-content\/uploads\/2019\/07\/m-contato.png 460w, https:\/\/iclolhos.com.br\/olhos\/wp-content\/uploads\/2019\/07\/m-contato-234x300.png 234w\" sizes=\"(max-width: 460px) 100vw, 460px\" data-id=\"4269\" \/><\/div>\n\t\t<\/figure>\n\t<\/div>\n\t\t<\/div>\n\t<\/div>\n<\/div>\n\n\n\n\t\t\n\t <\/div> <\/div>\n\n\n<div class=\"vc_row-full-width vc_clearfix\"><\/div>\n\n\n\n\n\n\n\n\n<div data-vc-full-width=\"true\" data-vc-full-width-init=\"false\" data-vc-stretch-content=\"true\" class=\"tm-row wpb_row vc_row-fluid vc_custom_1564531298316 tm-zindex-0 tm-bgimage-position-center_center\">\n\n\t\t\n\t <div class=\"vc_row vc_row-no-padding\"> \t\n\t\t\n\n<div class=\"wpb_column tm-column vc_column_container vc_col-sm-12 vc_col-has-fill tm-zindex-0\">\n\t<div class=\"vc_column-inner vc_custom_1564531790052 tm-col-bgcolor- tm-col-bgcolor-yes \">\n\t\t<div class=\"tm-col-wrapper-bg-layer tm-bg-layer tm-bgimage-position-center_center\"><div class=\"tm-bg-layer-inner\"><\/div><\/div>\t\t<div class=\"wpb_wrapper\">\n\t\t\t\n\t<div class=\"wpb_raw_code wpb_content_element wpb_raw_html\" >\n\t\t<div class=\"wpb_wrapper\">\n\t\t\t<style type=\"text\/css\" id=\"gmpMapStyles_1_85002\">\r\n\t#google_map_easy_1_85002 {\r\n        width: 100%;\r\n        height: 630px;\r\n\t\t\t\t\t\t    }\r\n\t#gmapControlsNum_1_85002 {\r\n\t\twidth:100%\t}\r\n\t.gmpMapDetailsContainer#gmpMapDetailsContainer_1_85002 {\r\n\t\theight:630px;\r\n\t}\r\n\t.gmp_MapPreview#google_map_easy_1_85002 {\r\n\t\t\/*position:absolute;*\/\r\n\t\twidth: 100%;\r\n\t}\r\n\t#mapConElem_1_85002{\r\n\t\twidth: 100%\t}\r\n    .gm-style .gm-style-iw-c{\r\n        padding: 12px!important;\r\n    }\r\n\t    <\/style>\r\n <div class=\"gmp_map_opts\" id=\"mapConElem_1_85002\" data-id=\"1\" data-view-id=\"1_85002\" > <div class=\"gmpMapDetailsContainer\" id=\"gmpMapDetailsContainer_1_85002\"> <i class=\"gmpKMLLayersPreloader fa fa-spinner fa-spin\" aria-hidden=\"true\" style=\"display: none;\"><\/i> <div class=\"gmp_MapPreview \" id=\"google_map_easy_1_85002\"><\/div> <\/div> <div class=\"gmpMapMarkerFilters\" id=\"gmpMapMarkerFilters_1_85002\"> <\/div> <div class=\"gmpMapProControlsCon\" id=\"gmpMapProControlsCon_1_85002\"> <\/div> <div class=\"gmpMapProDirectionsCon\" id=\"gmpMapProDirectionsCon_1_85002\" > <\/div> <div class=\"gmpMapProKmlFilterCon\" id=\"gmpMapProKmlFilterCon_1_85002\" > <\/div> <div class=\"gmpSocialSharingShell gmpSocialSharingShell_1_85002\"> <\/div> <div style=\"clear: both;\"><\/div> <\/div> \n\t\t<\/div>\n\t<\/div>\n\t\t<\/div>\n\t<\/div>\n<\/div>\n\n\n\n\t\t\n\t <\/div> <\/div>\n\n\n<div class=\"vc_row-full-width vc_clearfix\"><\/div>\n\n\n\n\n\n\n\n\n<div data-vc-full-width=\"true\" data-vc-full-width-init=\"false\" class=\"tm-row wpb_row vc_row-fluid vc_custom_1564531912205 vc_row-has-fill tm-zindex-0 tm-bgimage-position-center_center\">\n\n\t\t\n\t <div class=\"vc_row container\"> \t\n\t\t\n\n<div class=\"wpb_column tm-column vc_column_container vc_col-sm-12 tm-zindex-0\">\n\t<div class=\"vc_column-inner  \">\n\t\t\t\t<div class=\"wpb_wrapper\">\n\t\t\t<h1 style=\"text-align:center;color:#ffffff;\" class=\"tm-custom-heading text-atendimedo \" >Atendimento 24 horas, venha pro ICL Olhos!<\/h1>\n\t\t<\/div>\n\t<\/div>\n<\/div>\n\n\n\n\t\t\n\t <\/div> <\/div>\n\n\n<div class=\"vc_row-full-width vc_clearfix\"><\/div>\n\n\n\n\n\n\n\n\n<div data-vc-full-width=\"true\" data-vc-full-width-init=\"false\" class=\"tm-row wpb_row vc_row-fluid footer-1 vc_custom_1563483352343 vc_row-has-fill tm-zindex-0 tm-bgimage-position-center_bottom vc_row-o-full-height vc_row-o-columns-bottom vc_row-o-content-middle\">\n\n\t\t\n\t <div class=\"vc_row container vc_row-flex\"> \t\n\t\t\n\n<div class=\"wpb_column tm-column vc_column_container vc_col-sm-3 tm-zindex-0\">\n\t<div class=\"vc_column-inner vc_custom_1563483374768 \">\n\t\t\t\t<div class=\"wpb_wrapper\">\n\t\t\t\n\t<div  class=\"wpb_single_image wpb_content_element vc_align_center\">\n\t\t\n\t\t<figure class=\"wpb_wrapper vc_figure\">\n\t\t\t<div class=\"vc_single_image-wrapper   vc_box_border_grey\"><img width=\"263\" height=\"107\" src=\"https:\/\/iclolhos.com.br\/olhos\/wp-content\/uploads\/2019\/07\/logo_footer_white.png\" class=\"vc_single_image-img attachment-medium\" alt=\"\" decoding=\"async\" loading=\"lazy\" data-id=\"3280\" \/><\/div>\n\t\t<\/figure>\n\t<\/div>\n\n\t<div class=\"wpb_text_column wpb_content_element \" >\n\t\t<div class=\"wpb_wrapper\">\n\t\t\t<p style=\"color: #ffffff;\">Nossa miss\u00e3o \u00e9 lhe proporcionar a melhor vis\u00e3o, por meio da \u00e9tica, amizade e bom trabalho. Acreditamos que a beleza da vida est\u00e1 nos pequenos gestos e detalhes e nosso objetivo \u00e9 fazer voc\u00ea v\u00ea-los da melhor maneira poss\u00edvel<\/p>\n\n\t\t<\/div>\n\t<\/div>\n\t\t<\/div>\n\t<\/div>\n<\/div>\n\n\n\n\n\n<div class=\"wpb_column tm-column vc_column_container vc_col-sm-3 tm-zindex-0\">\n\t<div class=\"vc_column-inner  \">\n\t\t\t\t<div class=\"wpb_wrapper\">\n\t\t\t<h4 style=\"text-align:left;color:#ffffff;\" class=\"tm-custom-heading \" >Institucional<\/h4>\n<div  class=\"vc_wp_custommenu wpb_content_element\"><div class=\"widget widget_nav_menu\"><div class=\"menu-footer-menu-container\"><ul id=\"menu-footer-menu\" class=\"menu\"><li id=\"menu-item-3604\" class=\"menu-item menu-item-type-post_type menu-item-object-page menu-item-home menu-item-3604\"><a href=\"https:\/\/iclolhos.com.br\/olhos\/\">Home<\/a><\/li>\n<li id=\"menu-item-3605\" class=\"menu-item menu-item-type-post_type menu-item-object-page menu-item-3605\"><a href=\"https:\/\/iclolhos.com.br\/olhos\/sobre-nos\/\">Sobre N\u00f3s<\/a><\/li>\n<li id=\"menu-item-3897\" class=\"menu-item menu-item-type-post_type menu-item-object-page menu-item-3897\"><a href=\"https:\/\/iclolhos.com.br\/olhos\/exames\/\">Exames<\/a><\/li>\n<li id=\"menu-item-3607\" class=\"menu-item menu-item-type-custom menu-item-object-custom menu-item-3607\"><a href=\"#\">Cirurgias<\/a><\/li>\n<li id=\"menu-item-3608\" class=\"menu-item menu-item-type-custom menu-item-object-custom menu-item-3608\"><a href=\"#\">Especialidades<\/a><\/li>\n<li id=\"menu-item-3609\" class=\"menu-item menu-item-type-custom menu-item-object-custom menu-item-3609\"><a href=\"#\">Conv\u00eanios<\/a><\/li>\n<li id=\"menu-item-3610\" class=\"menu-item menu-item-type-custom menu-item-object-custom menu-item-3610\"><a href=\"#\">Not\u00edcias<\/a><\/li>\n<li id=\"menu-item-3613\" class=\"menu-item menu-item-type-custom menu-item-object-custom menu-item-3613\"><a href=\"#\">Galeria<\/a><\/li>\n<li id=\"menu-item-3611\" class=\"menu-item menu-item-type-custom menu-item-object-custom menu-item-3611\"><a href=\"#\">Contato<\/a><\/li>\n<\/ul><\/div><\/div><\/div>\t\t<\/div>\n\t<\/div>\n<\/div>\n\n\n\n\n\n<div class=\"wpb_column tm-column vc_column_container vc_col-sm-3 tm-zindex-0\">\n\t<div class=\"vc_column-inner  \">\n\t\t\t\t<div class=\"wpb_wrapper\">\n\t\t\t<h4 style=\"text-align:left;color:#ffffff;\" class=\"tm-custom-heading \" >Paciente<\/h4>\n<div  class=\"vc_wp_custommenu wpb_content_element\"><div class=\"widget widget_nav_menu\"><div class=\"menu-special-services-container\"><ul id=\"menu-special-services\" class=\"menu\"><li id=\"menu-item-4466\" class=\"menu-item menu-item-type-custom menu-item-object-custom menu-item-4466\"><a href=\"#\">Preparando para um procedimento<\/a><\/li>\n<li id=\"menu-item-4465\" class=\"menu-item menu-item-type-post_type menu-item-object-page menu-item-4465\"><a href=\"https:\/\/iclolhos.com.br\/olhos\/contato\/\">Fale com seu m\u00e9dico<\/a><\/li>\n<\/ul><\/div><\/div><\/div><div  class=\"vc_wp_custommenu wpb_content_element menu-destaque-rodape\"><div class=\"widget widget_nav_menu\"><div class=\"menu-footer-quick-links-container\"><ul id=\"menu-footer-quick-links\" class=\"menu\"><li id=\"menu-item-3054\" class=\"menu-item menu-item-type-custom menu-item-object-custom menu-item-3054\"><a href=\"#\">Agende sua consulta<\/a><\/li>\n<li id=\"menu-item-3055\" class=\"menu-item menu-item-type-custom menu-item-object-custom menu-item-3055\"><a href=\"#\">Buscar no site<\/a><\/li>\n<li id=\"menu-item-3056\" class=\"menu-item menu-item-type-custom menu-item-object-custom menu-item-3056\"><a href=\"#\">Como chegar?<\/a><\/li>\n<li id=\"menu-item-3057\" class=\"menu-item menu-item-type-custom menu-item-object-custom menu-item-3057\"><a href=\"#\">D\u00favidas Frequentes<\/a><\/li>\n<li id=\"menu-item-3139\" class=\"menu-item menu-item-type-custom menu-item-object-custom menu-item-3139\"><a href=\"#\">Atendimento 24 horas<\/a><\/li>\n<\/ul><\/div><\/div><\/div>\t\t<\/div>\n\t<\/div>\n<\/div>\n\n\n\n\n\n<div class=\"wpb_column tm-column vc_column_container vc_col-sm-3 tm-zindex-0\">\n\t<div class=\"vc_column-inner  \">\n\t\t\t\t<div class=\"wpb_wrapper\">\n\t\t\t<div class=\"vc_empty_space\"   style=\"height: 158px\"><span class=\"vc_empty_space_inner\"><\/span><\/div><h4 style=\"text-align:left;color:#ffffff;\" class=\"tm-custom-heading \" >Fale Conosco<\/h4>\n\n\t<div class=\"wpb_text_column wpb_content_element \" >\n\t\t<div class=\"wpb_wrapper\">\n\t\t\t<p><img decoding=\"async\" loading=\"lazy\" class=\"alignnone size-full wp-image-3598\" src=\"https:\/\/iclolhos.com.br\/olhos\/wp-content\/uploads\/2019\/07\/ico-tel.png\" alt=\"\" width=\"12\" height=\"11\" \/> <b style=\"color:#fff\">62 3252-6800<\/b><\/p>\n<p><img decoding=\"async\" loading=\"lazy\" class=\"alignnone size-full wp-image-3599\" src=\"https:\/\/iclolhos.com.br\/olhos\/wp-content\/uploads\/2019\/07\/icon-mapmarker.png\" alt=\"\" width=\"10\" height=\"15\" \/> <b style=\"color:#fff\">Av. T-2, 435 &#8211; St. Bueno,<br \/>\nGoi\u00e2nia &#8211; GO, 74210-010<\/b><\/p>\n<p><img decoding=\"async\" loading=\"lazy\" class=\"alignnone size-full wp-image-3600\" src=\"https:\/\/iclolhos.com.br\/olhos\/wp-content\/uploads\/2019\/07\/ico-email.png\" alt=\"\" width=\"12\" height=\"9\" \/> <b style=\"color:#fff\">atendimento@icl.med.br<\/b><\/p>\n\n\t\t<\/div>\n\t<\/div>\n\t\t<\/div>\n\t<\/div>\n<\/div>\n\n\n\n\t\t\n\t <\/div> <\/div>\n\n\n<div class=\"vc_row-full-width vc_clearfix\"><\/div>\n","protected":false},"excerpt":{"rendered":"No que podemos ajudar voc\u00ea? Atendimento 24 horas, venha pro ICL Olhos! Nossa miss\u00e3o \u00e9 lhe proporcionar a melhor vis\u00e3o, por meio da \u00e9tica, amizade e bom trabalho. Acreditamos que a beleza da vida est\u00e1 nos pequenos gestos e detalhes e nosso objetivo \u00e9 fazer voc\u00ea v\u00ea-los da melhor maneira poss\u00edvel Institucional Home Sobre N\u00f3s &hellip; <a href=\"https:\/\/iclolhos.com.br\/olhos\/contato\/\" class=\"more-link\">Continue reading <span class=\"screen-reader-text\">Contato<\/span><\/a>","protected":false},"author":1,"featured_media":0,"parent":0,"menu_order":10,"comment_status":"closed","ping_status":"closed","template":"","meta":{"_mi_skip_tracking":false},"yoast_head":"<!-- This site is optimized with the Yoast SEO plugin v20.2.1 - https:\/\/yoast.com\/wordpress\/plugins\/seo\/ -->\n<title>Contato - ICL<\/title>\n<meta name=\"robots\" content=\"index, follow, max-snippet:-1, max-image-preview:large, max-video-preview:-1\" \/>\n<link rel=\"canonical\" href=\"https:\/\/iclolhos.com.br\/olhos\/contato\/\" \/>\n<meta property=\"og:locale\" content=\"pt_BR\" \/>\n<meta property=\"og:type\" content=\"article\" \/>\n<meta property=\"og:title\" content=\"Contato - ICL\" \/>\n<meta property=\"og:url\" content=\"https:\/\/iclolhos.com.br\/olhos\/contato\/\" \/>\n<meta property=\"og:site_name\" content=\"ICL\" \/>\n<meta property=\"article:modified_time\" content=\"2019-08-05T21:13:05+00:00\" \/>\n<meta property=\"og:image\" content=\"https:\/\/iclolhos.com.br\/olhos\/wp-content\/uploads\/2019\/07\/ico-tel.png\" \/>\n<meta name=\"twitter:card\" content=\"summary_large_image\" \/>\n<meta name=\"twitter:label1\" content=\"Est. reading time\" \/>\n\t<meta name=\"twitter:data1\" content=\"3 minutos\" \/>\n<script type=\"application\/ld+json\" class=\"yoast-schema-graph\">{\"@context\":\"https:\/\/schema.org\",\"@graph\":[{\"@type\":\"WebPage\",\"@id\":\"https:\/\/iclolhos.com.br\/olhos\/contato\/\",\"url\":\"https:\/\/iclolhos.com.br\/olhos\/contato\/\",\"name\":\"Contato - ICL\",\"isPartOf\":{\"@id\":\"https:\/\/iclolhos.com.br\/olhos\/#website\"},\"datePublished\":\"2018-11-06T08:57:41+00:00\",\"dateModified\":\"2019-08-05T21:13:05+00:00\",\"breadcrumb\":{\"@id\":\"https:\/\/iclolhos.com.br\/olhos\/contato\/#breadcrumb\"},\"inLanguage\":\"pt-BR\",\"potentialAction\":[{\"@type\":\"ReadAction\",\"target\":[\"https:\/\/iclolhos.com.br\/olhos\/contato\/\"]}]},{\"@type\":\"BreadcrumbList\",\"@id\":\"https:\/\/iclolhos.com.br\/olhos\/contato\/#breadcrumb\",\"itemListElement\":[{\"@type\":\"ListItem\",\"position\":1,\"name\":\"In\u00edcio\",\"item\":\"https:\/\/iclolhos.com.br\/olhos\/\"},{\"@type\":\"ListItem\",\"position\":2,\"name\":\"Contato\"}]},{\"@type\":\"WebSite\",\"@id\":\"https:\/\/iclolhos.com.br\/olhos\/#website\",\"url\":\"https:\/\/iclolhos.com.br\/olhos\/\",\"name\":\"ICL\",\"description\":\"Olhos\",\"potentialAction\":[{\"@type\":\"SearchAction\",\"target\":{\"@type\":\"EntryPoint\",\"urlTemplate\":\"https:\/\/iclolhos.com.br\/olhos\/?s={search_term_string}\"},\"query-input\":\"required name=search_term_string\"}],\"inLanguage\":\"pt-BR\"}]}<\/script>\n<!-- \/ Yoast SEO plugin. -->","yoast_head_json":{"title":"Contato - ICL","robots":{"index":"index","follow":"follow","max-snippet":"max-snippet:-1","max-image-preview":"max-image-preview:large","max-video-preview":"max-video-preview:-1"},"canonical":"https:\/\/iclolhos.com.br\/olhos\/contato\/","og_locale":"pt_BR","og_type":"article","og_title":"Contato - ICL","og_url":"https:\/\/iclolhos.com.br\/olhos\/contato\/","og_site_name":"ICL","article_modified_time":"2019-08-05T21:13:05+00:00","og_image":[{"url":"https:\/\/iclolhos.com.br\/olhos\/wp-content\/uploads\/2019\/07\/ico-tel.png"}],"twitter_card":"summary_large_image","twitter_misc":{"Est. reading time":"3 minutos"},"schema":{"@context":"https:\/\/schema.org","@graph":[{"@type":"WebPage","@id":"https:\/\/iclolhos.com.br\/olhos\/contato\/","url":"https:\/\/iclolhos.com.br\/olhos\/contato\/","name":"Contato - ICL","isPartOf":{"@id":"https:\/\/iclolhos.com.br\/olhos\/#website"},"datePublished":"2018-11-06T08:57:41+00:00","dateModified":"2019-08-05T21:13:05+00:00","breadcrumb":{"@id":"https:\/\/iclolhos.com.br\/olhos\/contato\/#breadcrumb"},"inLanguage":"pt-BR","potentialAction":[{"@type":"ReadAction","target":["https:\/\/iclolhos.com.br\/olhos\/contato\/"]}]},{"@type":"BreadcrumbList","@id":"https:\/\/iclolhos.com.br\/olhos\/contato\/#breadcrumb","itemListElement":[{"@type":"ListItem","position":1,"name":"In\u00edcio","item":"https:\/\/iclolhos.com.br\/olhos\/"},{"@type":"ListItem","position":2,"name":"Contato"}]},{"@type":"WebSite","@id":"https:\/\/iclolhos.com.br\/olhos\/#website","url":"https:\/\/iclolhos.com.br\/olhos\/","name":"ICL","description":"Olhos","potentialAction":[{"@type":"SearchAction","target":{"@type":"EntryPoint","urlTemplate":"https:\/\/iclolhos.com.br\/olhos\/?s={search_term_string}"},"query-input":"required name=search_term_string"}],"inLanguage":"pt-BR"}]}},"_links":{"self":[{"href":"https:\/\/iclolhos.com.br\/olhos\/wp-json\/wp\/v2\/pages\/100"}],"collection":[{"href":"https:\/\/iclolhos.com.br\/olhos\/wp-json\/wp\/v2\/pages"}],"about":[{"href":"https:\/\/iclolhos.com.br\/olhos\/wp-json\/wp\/v2\/types\/page"}],"author":[{"embeddable":true,"href":"https:\/\/iclolhos.com.br\/olhos\/wp-json\/wp\/v2\/users\/1"}],"replies":[{"embeddable":true,"href":"https:\/\/iclolhos.com.br\/olhos\/wp-json\/wp\/v2\/comments?post=100"}],"version-history":[{"count":24,"href":"https:\/\/iclolhos.com.br\/olhos\/wp-json\/wp\/v2\/pages\/100\/revisions"}],"predecessor-version":[{"id":4560,"href":"https:\/\/iclolhos.com.br\/olhos\/wp-json\/wp\/v2\/pages\/100\/revisions\/4560"}],"wp:attachment":[{"href":"https:\/\/iclolhos.com.br\/olhos\/wp-json\/wp\/v2\/media?parent=100"}],"curies":[{"name":"wp","href":"https:\/\/api.w.org\/{rel}","templated":true}]}}